{"id":729,"date":"2025-01-11T16:28:17","date_gmt":"2025-01-11T16:28:17","guid":{"rendered":"https:\/\/kolwezilandcruisers.com\/?page_id=729"},"modified":"2026-01-09T21:27:16","modified_gmt":"2026-01-09T21:27:16","slug":"a-propos","status":"publish","type":"page","link":"https:\/\/kolwezilandcruisers.com\/en\/a-propos\/","title":{"rendered":"About"},"content":{"rendered":"<div data-elementor-type=\"wp-page\" data-elementor-id=\"729\" class=\"elementor elementor-729\" data-elementor-post-type=\"page\">\n\t\t\t\t<div class=\"elementor-element elementor-element-c6f33ca e-con-full e-flex e-con e-parent\" data-id=\"c6f33ca\" data-element_type=\"container\" data-e-type=\"container\" data-settings=\"{&quot;background_background&quot;:&quot;classic&quot;}\">\n\t\t<div class=\"elementor-element elementor-element-1c3cedb e-flex e-con-boxed e-con e-child\" data-id=\"1c3cedb\" data-element_type=\"container\" data-e-type=\"container\">\n\t\t\t\t\t<div class=\"e-con-inner\">\n\t\t\t\t<div class=\"elementor-element elementor-element-07ff15b elementor-widget elementor-widget-heading\" data-id=\"07ff15b\" data-element_type=\"widget\" data-e-type=\"widget\" data-widget_type=\"heading.default\">\n\t\t\t\t<div class=\"elementor-widget-container\">\n\t\t\t\t\t<h2 class=\"elementor-heading-title elementor-size-default\">ABOUT US<\/h2>\t\t\t\t<\/div>\n\t\t\t\t<\/div>\n\t\t\t\t\t<\/div>\n\t\t\t\t<\/div>\n\t\t\t\t<\/div>\n\t\t<div class=\"elementor-element elementor-element-d728850 e-flex e-con-boxed e-con e-parent\" data-id=\"d728850\" data-element_type=\"container\" data-e-type=\"container\">\n\t\t\t\t\t<div class=\"e-con-inner\">\n\t\t<div class=\"elementor-element elementor-element-67376fb e-con-full e-flex e-con e-child\" data-id=\"67376fb\" data-element_type=\"container\" data-e-type=\"container\">\n\t\t\t\t<div class=\"elementor-element elementor-element-0695a96 elementor-widget elementor-widget-heading\" data-id=\"0695a96\" data-element_type=\"widget\" data-e-type=\"widget\" data-widget_type=\"heading.default\">\n\t\t\t\t<div class=\"elementor-widget-container\">\n\t\t\t\t\t<h2 class=\"elementor-heading-title elementor-size-default\">ABOUT US<\/h2>\t\t\t\t<\/div>\n\t\t\t\t<\/div>\n\t\t\t\t<div class=\"elementor-element elementor-element-4da4deb elementor-widget-divider--view-line_icon elementor-view-framed elementor-widget elementor-widget-divider\" data-id=\"4da4deb\" data-element_type=\"widget\" data-e-type=\"widget\" data-widget_type=\"divider.default\">\n\t\t\t\t<div class=\"elementor-widget-container\">\n\t\t\t\t\t\t\t<div class=\"elementor-divider\">\n\t\t\t<span class=\"elementor-divider-separator\">\n\t\t\t\t\t\t\t<div class=\"elementor-icon elementor-divider__element\">\n\t\t\t\t\t<i aria-hidden=\"true\" class=\"icon icon-taxi\"><\/i><\/div>\n\t\t\t\t\t\t<\/span>\n\t\t<\/div>\n\t\t\t\t\t\t<\/div>\n\t\t\t\t<\/div>\n\t\t\t\t<\/div>\n\t\t<div class=\"elementor-element elementor-element-2660658 e-con-full e-flex e-con e-child\" data-id=\"2660658\" data-element_type=\"container\" data-e-type=\"container\">\n\t\t\t\t<div class=\"elementor-element elementor-element-0d66d98 elementor-widget elementor-widget-image\" data-id=\"0d66d98\" data-element_type=\"widget\" data-e-type=\"widget\" data-widget_type=\"image.default\">\n\t\t\t\t<div class=\"elementor-widget-container\">\n\t\t\t\t\t\t\t\t\t\t\t\t\t\t\t<img fetchpriority=\"high\" decoding=\"async\" width=\"800\" height=\"571\" src=\"https:\/\/kolwezilandcruisers.com\/wp-content\/uploads\/2026\/01\/landcruisers-27-1024x731.jpg\" class=\"attachment-large size-large wp-image-2266\" alt=\"\" srcset=\"https:\/\/kolwezilandcruisers.com\/wp-content\/uploads\/2026\/01\/landcruisers-27-1024x731.jpg 1024w, https:\/\/kolwezilandcruisers.com\/wp-content\/uploads\/2026\/01\/landcruisers-27-300x214.jpg 300w, https:\/\/kolwezilandcruisers.com\/wp-content\/uploads\/2026\/01\/landcruisers-27-768x549.jpg 768w, https:\/\/kolwezilandcruisers.com\/wp-content\/uploads\/2026\/01\/landcruisers-27-18x12.jpg 18w, https:\/\/kolwezilandcruisers.com\/wp-content\/uploads\/2026\/01\/landcruisers-27-600x429.jpg 600w, https:\/\/kolwezilandcruisers.com\/wp-content\/uploads\/2026\/01\/landcruisers-27.jpg 1400w\" sizes=\"(max-width: 800px) 100vw, 800px\" \/>\t\t\t\t\t\t\t\t\t\t\t\t\t\t\t<\/div>\n\t\t\t\t<\/div>\n\t\t\t\t<\/div>\n\t\t<div class=\"elementor-element elementor-element-e6a7270 e-con-full e-flex e-con e-child\" data-id=\"e6a7270\" data-element_type=\"container\" data-e-type=\"container\">\n\t\t\t\t<div class=\"elementor-element elementor-element-4c2121d elementor-widget elementor-widget-heading\" data-id=\"4c2121d\" data-element_type=\"widget\" data-e-type=\"widget\" data-widget_type=\"heading.default\">\n\t\t\t\t<div class=\"elementor-widget-container\">\n\t\t\t\t\t<h2 class=\"elementor-heading-title elementor-size-default\">About Kolwezi Land Cruisers<\/h2>\t\t\t\t<\/div>\n\t\t\t\t<\/div>\n\t\t\t\t<div class=\"elementor-element elementor-element-8ba9d47 elementor-widget-divider--view-line_icon elementor-view-framed elementor-widget elementor-widget-divider\" data-id=\"8ba9d47\" data-element_type=\"widget\" data-e-type=\"widget\" data-widget_type=\"divider.default\">\n\t\t\t\t<div class=\"elementor-widget-container\">\n\t\t\t\t\t\t\t<div class=\"elementor-divider\">\n\t\t\t<span class=\"elementor-divider-separator\">\n\t\t\t\t\t\t\t<div class=\"elementor-icon elementor-divider__element\">\n\t\t\t\t\t<i aria-hidden=\"true\" class=\"icon icon-taxi\"><\/i><\/div>\n\t\t\t\t\t\t<\/span>\n\t\t<\/div>\n\t\t\t\t\t\t<\/div>\n\t\t\t\t<\/div>\n\t\t\t\t<div class=\"elementor-element elementor-element-fda52cb elementor-widget elementor-widget-text-editor\" data-id=\"fda52cb\" data-element_type=\"widget\" data-e-type=\"widget\" data-widget_type=\"text-editor.default\">\n\t\t\t\t<div class=\"elementor-widget-container\">\n\t\t\t\t\t\t\t\t\t<p>Kolwezi Land Cruisers was established to provide dependable and professional vehicle rental services in Kolwezi. We understand the challenges of operating in demanding environments and offer vehicles that deliver performance without compromise.<\/p><p>Our mission is to support businesses, organizations, and individuals with safe, reliable, and high-quality transportation solutions.<\/p>\t\t\t\t\t\t\t\t<\/div>\n\t\t\t\t<\/div>\n\t\t\t\t<\/div>\n\t\t<div class=\"elementor-element elementor-element-c4462ba e-con-full e-flex e-con e-child\" data-id=\"c4462ba\" data-element_type=\"container\" data-e-type=\"container\">\n\t\t\t\t<div class=\"elementor-element elementor-element-3b80380 elementor-widget elementor-widget-heading\" data-id=\"3b80380\" data-element_type=\"widget\" data-e-type=\"widget\" data-widget_type=\"heading.default\">\n\t\t\t\t<div class=\"elementor-widget-container\">\n\t\t\t\t\t<h2 class=\"elementor-heading-title elementor-size-default\">Our Mission<\/h2>\t\t\t\t<\/div>\n\t\t\t\t<\/div>\n\t\t\t\t<div class=\"elementor-element elementor-element-c0e3ff2 elementor-widget-divider--view-line_icon elementor-view-framed elementor-widget elementor-widget-divider\" data-id=\"c0e3ff2\" data-element_type=\"widget\" data-e-type=\"widget\" data-widget_type=\"divider.default\">\n\t\t\t\t<div class=\"elementor-widget-container\">\n\t\t\t\t\t\t\t<div class=\"elementor-divider\">\n\t\t\t<span class=\"elementor-divider-separator\">\n\t\t\t\t\t\t\t<div class=\"elementor-icon elementor-divider__element\">\n\t\t\t\t\t<i aria-hidden=\"true\" class=\"icon icon-taxi\"><\/i><\/div>\n\t\t\t\t\t\t<\/span>\n\t\t<\/div>\n\t\t\t\t\t\t<\/div>\n\t\t\t\t<\/div>\n\t\t\t\t<div class=\"elementor-element elementor-element-52678a7 elementor-widget elementor-widget-text-editor\" data-id=\"52678a7\" data-element_type=\"widget\" data-e-type=\"widget\" data-widget_type=\"text-editor.default\">\n\t\t\t\t<div class=\"elementor-widget-container\">\n\t\t\t\t\t\t\t\t\tTo deliver reliable 4x4 vehicle rental services that meet international standards while remaining flexible to local needs.\t\t\t\t\t\t\t\t<\/div>\n\t\t\t\t<\/div>\n\t\t\t\t<\/div>\n\t\t<div class=\"elementor-element elementor-element-a0abf94 e-con-full e-flex e-con e-child\" data-id=\"a0abf94\" data-element_type=\"container\" data-e-type=\"container\">\n\t\t\t\t<div class=\"elementor-element elementor-element-acadec1 elementor-widget elementor-widget-image\" data-id=\"acadec1\" data-element_type=\"widget\" data-e-type=\"widget\" data-widget_type=\"image.default\">\n\t\t\t\t<div class=\"elementor-widget-container\">\n\t\t\t\t\t\t\t\t\t\t\t\t\t\t\t<img decoding=\"async\" width=\"800\" height=\"571\" src=\"https:\/\/kolwezilandcruisers.com\/wp-content\/uploads\/2026\/01\/landcruisers-32-1024x731.jpg\" class=\"attachment-large size-large wp-image-2270\" alt=\"\" srcset=\"https:\/\/kolwezilandcruisers.com\/wp-content\/uploads\/2026\/01\/landcruisers-32-1024x731.jpg 1024w, https:\/\/kolwezilandcruisers.com\/wp-content\/uploads\/2026\/01\/landcruisers-32-300x214.jpg 300w, https:\/\/kolwezilandcruisers.com\/wp-content\/uploads\/2026\/01\/landcruisers-32-768x549.jpg 768w, https:\/\/kolwezilandcruisers.com\/wp-content\/uploads\/2026\/01\/landcruisers-32-18x12.jpg 18w, https:\/\/kolwezilandcruisers.com\/wp-content\/uploads\/2026\/01\/landcruisers-32-600x429.jpg 600w, https:\/\/kolwezilandcruisers.com\/wp-content\/uploads\/2026\/01\/landcruisers-32.jpg 1400w\" sizes=\"(max-width: 800px) 100vw, 800px\" \/>\t\t\t\t\t\t\t\t\t\t\t\t\t\t\t<\/div>\n\t\t\t\t<\/div>\n\t\t\t\t<\/div>\n\t\t<div class=\"elementor-element elementor-element-56e5a8f e-con-full e-flex e-con e-child\" data-id=\"56e5a8f\" data-element_type=\"container\" data-e-type=\"container\">\n\t\t\t\t<div class=\"elementor-element elementor-element-09374c8 elementor-widget elementor-widget-image\" data-id=\"09374c8\" data-element_type=\"widget\" data-e-type=\"widget\" data-widget_type=\"image.default\">\n\t\t\t\t<div class=\"elementor-widget-container\">\n\t\t\t\t\t\t\t\t\t\t\t\t\t\t\t<img decoding=\"async\" width=\"800\" height=\"571\" src=\"https:\/\/kolwezilandcruisers.com\/wp-content\/uploads\/2026\/01\/landcruisers-35-1024x731.jpg\" class=\"attachment-large size-large wp-image-2273\" alt=\"\" srcset=\"https:\/\/kolwezilandcruisers.com\/wp-content\/uploads\/2026\/01\/landcruisers-35-1024x731.jpg 1024w, https:\/\/kolwezilandcruisers.com\/wp-content\/uploads\/2026\/01\/landcruisers-35-300x214.jpg 300w, https:\/\/kolwezilandcruisers.com\/wp-content\/uploads\/2026\/01\/landcruisers-35-768x549.jpg 768w, https:\/\/kolwezilandcruisers.com\/wp-content\/uploads\/2026\/01\/landcruisers-35-18x12.jpg 18w, https:\/\/kolwezilandcruisers.com\/wp-content\/uploads\/2026\/01\/landcruisers-35-600x429.jpg 600w, https:\/\/kolwezilandcruisers.com\/wp-content\/uploads\/2026\/01\/landcruisers-35.jpg 1400w\" sizes=\"(max-width: 800px) 100vw, 800px\" \/>\t\t\t\t\t\t\t\t\t\t\t\t\t\t\t<\/div>\n\t\t\t\t<\/div>\n\t\t\t\t<\/div>\n\t\t<div class=\"elementor-element elementor-element-2d8459e e-con-full e-flex e-con e-child\" data-id=\"2d8459e\" data-element_type=\"container\" data-e-type=\"container\">\n\t\t\t\t<div class=\"elementor-element elementor-element-3b0be53 elementor-widget elementor-widget-heading\" data-id=\"3b0be53\" data-element_type=\"widget\" data-e-type=\"widget\" data-widget_type=\"heading.default\">\n\t\t\t\t<div class=\"elementor-widget-container\">\n\t\t\t\t\t<h2 class=\"elementor-heading-title elementor-size-default\">Our Vision<\/h2>\t\t\t\t<\/div>\n\t\t\t\t<\/div>\n\t\t\t\t<div class=\"elementor-element elementor-element-86303f9 elementor-widget-divider--view-line_icon elementor-view-framed elementor-widget elementor-widget-divider\" data-id=\"86303f9\" data-element_type=\"widget\" data-e-type=\"widget\" data-widget_type=\"divider.default\">\n\t\t\t\t<div class=\"elementor-widget-container\">\n\t\t\t\t\t\t\t<div class=\"elementor-divider\">\n\t\t\t<span class=\"elementor-divider-separator\">\n\t\t\t\t\t\t\t<div class=\"elementor-icon elementor-divider__element\">\n\t\t\t\t\t<i aria-hidden=\"true\" class=\"icon icon-taxi\"><\/i><\/div>\n\t\t\t\t\t\t<\/span>\n\t\t<\/div>\n\t\t\t\t\t\t<\/div>\n\t\t\t\t<\/div>\n\t\t\t\t<div class=\"elementor-element elementor-element-a5c558c elementor-widget elementor-widget-text-editor\" data-id=\"a5c558c\" data-element_type=\"widget\" data-e-type=\"widget\" data-widget_type=\"text-editor.default\">\n\t\t\t\t<div class=\"elementor-widget-container\">\n\t\t\t\t\t\t\t\t\t<p>To become a trusted transportation partner for companies and organizations operating in Kolwezi and beyond.<\/p>\t\t\t\t\t\t\t\t<\/div>\n\t\t\t\t<\/div>\n\t\t\t\t<\/div>\n\t\t\t\t\t<\/div>\n\t\t\t\t<\/div>\n\t\t\t\t<\/div>","protected":false},"excerpt":{"rendered":"<p>\u00c0 PROPOS DE NOUS \u00c0 PROPOS DE NOUS \u00c0 propos de Kolwezi Land Cruisers Kolwezi Land Cruisers a \u00e9t\u00e9 cr\u00e9\u00e9e pour offrir des services de location de v\u00e9hicules fiables et professionnels \u00e0 Kolwezi. Nous comprenons les d\u00e9fis li\u00e9s aux environnements exigeants et proposons des v\u00e9hicules offrant des performances sans compromis. Notre objectif est d\u2019accompagner entreprises, [&hellip;]<\/p>\n","protected":false},"author":1,"featured_media":0,"parent":0,"menu_order":0,"comment_status":"closed","ping_status":"closed","template":"","meta":{"footnotes":""},"class_list":["post-729","page","type-page","status-publish","hentry"],"_links":{"self":[{"href":"https:\/\/kolwezilandcruisers.com\/en\/wp-json\/wp\/v2\/pages\/729","targetHints":{"allow":["GET"]}}],"collection":[{"href":"https:\/\/kolwezilandcruisers.com\/en\/wp-json\/wp\/v2\/pages"}],"about":[{"href":"https:\/\/kolwezilandcruisers.com\/en\/wp-json\/wp\/v2\/types\/page"}],"author":[{"embeddable":true,"href":"https:\/\/kolwezilandcruisers.com\/en\/wp-json\/wp\/v2\/users\/1"}],"replies":[{"embeddable":true,"href":"https:\/\/kolwezilandcruisers.com\/en\/wp-json\/wp\/v2\/comments?post=729"}],"version-history":[{"count":75,"href":"https:\/\/kolwezilandcruisers.com\/en\/wp-json\/wp\/v2\/pages\/729\/revisions"}],"predecessor-version":[{"id":2346,"href":"https:\/\/kolwezilandcruisers.com\/en\/wp-json\/wp\/v2\/pages\/729\/revisions\/2346"}],"wp:attachment":[{"href":"https:\/\/kolwezilandcruisers.com\/en\/wp-json\/wp\/v2\/media?parent=729"}],"curies":[{"name":"wp","href":"https:\/\/api.w.org\/{rel}","templated":true}]}}