{"id":727,"date":"2025-01-11T16:27:35","date_gmt":"2025-01-11T16:27:35","guid":{"rendered":"https:\/\/kolwezilandcruisers.com\/?page_id=727"},"modified":"2026-01-09T20:36:12","modified_gmt":"2026-01-09T20:36:12","slug":"faq","status":"publish","type":"page","link":"https:\/\/kolwezilandcruisers.com\/en\/faq\/","title":{"rendered":"FAQs"},"content":{"rendered":"<div data-elementor-type=\"wp-page\" data-elementor-id=\"727\" class=\"elementor elementor-727\" data-elementor-post-type=\"page\">\n\t\t\t\t<div class=\"elementor-element elementor-element-b503e5b e-con-full e-flex e-con e-parent\" data-id=\"b503e5b\" data-element_type=\"container\" data-e-type=\"container\" data-settings=\"{&quot;background_background&quot;:&quot;classic&quot;}\">\n\t\t<div class=\"elementor-element elementor-element-764e13b e-flex e-con-boxed e-con e-child\" data-id=\"764e13b\" data-element_type=\"container\" data-e-type=\"container\">\n\t\t\t\t\t<div class=\"e-con-inner\">\n\t\t\t\t<div class=\"elementor-element elementor-element-bc09c6f elementor-widget elementor-widget-heading\" data-id=\"bc09c6f\" data-element_type=\"widget\" data-e-type=\"widget\" data-widget_type=\"heading.default\">\n\t\t\t\t<div class=\"elementor-widget-container\">\n\t\t\t\t\t<h2 class=\"elementor-heading-title elementor-size-default\">FAQs<\/h2>\t\t\t\t<\/div>\n\t\t\t\t<\/div>\n\t\t\t\t\t<\/div>\n\t\t\t\t<\/div>\n\t\t\t\t<\/div>\n\t\t<div class=\"elementor-element elementor-element-efb9118 e-flex e-con-boxed e-con e-parent\" data-id=\"efb9118\" data-element_type=\"container\" data-e-type=\"container\">\n\t\t\t\t\t<div class=\"e-con-inner\">\n\t\t<div class=\"elementor-element elementor-element-2a21b6a e-con-full e-flex e-con e-child\" data-id=\"2a21b6a\" data-element_type=\"container\" data-e-type=\"container\">\n\t\t\t\t<div class=\"elementor-element elementor-element-9428eea elementor-widget elementor-widget-heading\" data-id=\"9428eea\" data-element_type=\"widget\" data-e-type=\"widget\" data-widget_type=\"heading.default\">\n\t\t\t\t<div class=\"elementor-widget-container\">\n\t\t\t\t\t<h2 class=\"elementor-heading-title elementor-size-default\">Frequently Asked Question<\/h2>\t\t\t\t<\/div>\n\t\t\t\t<\/div>\n\t\t\t\t<div class=\"elementor-element elementor-element-00ebf34 elementor-widget-divider--view-line_icon elementor-view-framed elementor-widget elementor-widget-divider\" data-id=\"00ebf34\" data-element_type=\"widget\" data-e-type=\"widget\" data-widget_type=\"divider.default\">\n\t\t\t\t<div class=\"elementor-widget-container\">\n\t\t\t\t\t\t\t<div class=\"elementor-divider\">\n\t\t\t<span class=\"elementor-divider-separator\">\n\t\t\t\t\t\t\t<div class=\"elementor-icon elementor-divider__element\">\n\t\t\t\t\t<i aria-hidden=\"true\" class=\"icon icon-taxi\"><\/i><\/div>\n\t\t\t\t\t\t<\/span>\n\t\t<\/div>\n\t\t\t\t\t\t<\/div>\n\t\t\t\t<\/div>\n\t\t\t\t<div class=\"elementor-element elementor-element-ae792a5 elementor-widget elementor-widget-elementskit-accordion\" data-id=\"ae792a5\" data-element_type=\"widget\" data-e-type=\"widget\" data-widget_type=\"elementskit-accordion.default\">\n\t\t\t\t<div class=\"elementor-widget-container\">\n\t\t\t\t\t<div class=\"ekit-wid-con\" >\n        <div class=\"elementskit-accordion accoedion-primary\" id=\"accordion-69e8929deb829\">\n\n            \n                <div class=\"elementskit-card active\">\n                    <div class=\"elementskit-card-header\" id=\"primaryHeading-0-ae792a5\">\n                        <a href=\"#collapse-ae8166d69e8929deb829\" class=\"ekit-accordion--toggler elementskit-btn-link collapsed\" data-ekit-toggle=\"collapse\" data-target=\"#Collapse-ae8166d69e8929deb829\" aria-expanded=\"true\" aria-controls=\"Collapse-ae8166d69e8929deb829\">\n                            \n                            <span class=\"ekit-accordion-title\">Q: How does the booking process work?<\/span>\n\n                            \n                                <div class=\"ekit_accordion_icon_group\">\n                                    <div class=\"ekit_accordion_normal_icon\">\n                                        <!-- Normal Icon -->\n\t\t\t\t\t\t\t\t\t\t<i class=\"icon icon-down-arrow1\"><\/i>                                    <\/div>\n\n                                    <div class=\"ekit_accordion_active_icon\">\n                                        <!-- Active Icon -->\n\t\t\t\t\t\t\t\t\t\t<i class=\"icon icon-up-arrow\"><\/i>                                    <\/div>\n                                <\/div>\n\n                            \n                                                    <\/a>\n                    <\/div>\n\n                    <div id=\"Collapse-ae8166d69e8929deb829\" class=\"show collapse\" aria-labelledby=\"primaryHeading-0-ae792a5\" data-parent=\"#accordion-69e8929deb829\">\n\n                        <div class=\"elementskit-card-body ekit-accordion--content\">\n                            <p>A: You can submit a booking request online by selecting your dates and preferred payment method.<\/p>                        <\/div>\n\n                    <\/div>\n\n                <\/div><!-- .elementskit-card END -->\n\n                \n                <div class=\"elementskit-card\">\n                    <div class=\"elementskit-card-header\" id=\"primaryHeading-1-ae792a5\">\n                        <a href=\"#collapse-9b3ce9369e8929deb829\" class=\"ekit-accordion--toggler elementskit-btn-link collapsed\" data-ekit-toggle=\"collapse\" data-target=\"#Collapse-9b3ce9369e8929deb829\" aria-expanded=\"false\" aria-controls=\"Collapse-9b3ce9369e8929deb829\">\n                            \n                            <span class=\"ekit-accordion-title\">Q: Do you require online payment?<\/span>\n\n                            \n                                <div class=\"ekit_accordion_icon_group\">\n                                    <div class=\"ekit_accordion_normal_icon\">\n                                        <!-- Normal Icon -->\n\t\t\t\t\t\t\t\t\t\t<i class=\"icon icon-down-arrow1\"><\/i>                                    <\/div>\n\n                                    <div class=\"ekit_accordion_active_icon\">\n                                        <!-- Active Icon -->\n\t\t\t\t\t\t\t\t\t\t<i class=\"icon icon-up-arrow\"><\/i>                                    <\/div>\n                                <\/div>\n\n                            \n                                                    <\/a>\n                    <\/div>\n\n                    <div id=\"Collapse-9b3ce9369e8929deb829\" class=\"collapse\" aria-labelledby=\"primaryHeading-1-ae792a5\" data-parent=\"#accordion-69e8929deb829\">\n\n                        <div class=\"elementskit-card-body ekit-accordion--content\">\n                            <p>A: No. Payment can be made via bank transfer or in cash at our office.<\/p>                        <\/div>\n\n                    <\/div>\n\n                <\/div><!-- .elementskit-card END -->\n\n                \n                <div class=\"elementskit-card\">\n                    <div class=\"elementskit-card-header\" id=\"primaryHeading-2-ae792a5\">\n                        <a href=\"#collapse-482a26f69e8929deb829\" class=\"ekit-accordion--toggler elementskit-btn-link collapsed\" data-ekit-toggle=\"collapse\" data-target=\"#Collapse-482a26f69e8929deb829\" aria-expanded=\"false\" aria-controls=\"Collapse-482a26f69e8929deb829\">\n                            \n                            <span class=\"ekit-accordion-title\">Q: Can I rent for multiple days or long-term use?<\/span>\n\n                            \n                                <div class=\"ekit_accordion_icon_group\">\n                                    <div class=\"ekit_accordion_normal_icon\">\n                                        <!-- Normal Icon -->\n\t\t\t\t\t\t\t\t\t\t<i class=\"icon icon-down-arrow1\"><\/i>                                    <\/div>\n\n                                    <div class=\"ekit_accordion_active_icon\">\n                                        <!-- Active Icon -->\n\t\t\t\t\t\t\t\t\t\t<i class=\"icon icon-up-arrow\"><\/i>                                    <\/div>\n                                <\/div>\n\n                            \n                                                    <\/a>\n                    <\/div>\n\n                    <div id=\"Collapse-482a26f69e8929deb829\" class=\"collapse\" aria-labelledby=\"primaryHeading-2-ae792a5\" data-parent=\"#accordion-69e8929deb829\">\n\n                        <div class=\"elementskit-card-body ekit-accordion--content\">\n                            <p>A: Yes. We offer flexible short-term and long-term rental options.<\/p>                        <\/div>\n\n                    <\/div>\n\n                <\/div><!-- .elementskit-card END -->\n\n                \n                <div class=\"elementskit-card\">\n                    <div class=\"elementskit-card-header\" id=\"primaryHeading-3-ae792a5\">\n                        <a href=\"#collapse-28fb6c969e8929deb829\" class=\"ekit-accordion--toggler elementskit-btn-link collapsed\" data-ekit-toggle=\"collapse\" data-target=\"#Collapse-28fb6c969e8929deb829\" aria-expanded=\"false\" aria-controls=\"Collapse-28fb6c969e8929deb829\">\n                            \n                            <span class=\"ekit-accordion-title\">Q: Are the vehicles suitable for rough terrain?<\/span>\n\n                            \n                                <div class=\"ekit_accordion_icon_group\">\n                                    <div class=\"ekit_accordion_normal_icon\">\n                                        <!-- Normal Icon -->\n\t\t\t\t\t\t\t\t\t\t<i class=\"icon icon-down-arrow1\"><\/i>                                    <\/div>\n\n                                    <div class=\"ekit_accordion_active_icon\">\n                                        <!-- Active Icon -->\n\t\t\t\t\t\t\t\t\t\t<i class=\"icon icon-up-arrow\"><\/i>                                    <\/div>\n                                <\/div>\n\n                            \n                                                    <\/a>\n                    <\/div>\n\n                    <div id=\"Collapse-28fb6c969e8929deb829\" class=\"collapse\" aria-labelledby=\"primaryHeading-3-ae792a5\" data-parent=\"#accordion-69e8929deb829\">\n\n                        <div class=\"elementskit-card-body ekit-accordion--content\">\n                            <p>A: Yes. Our Land Cruisers are ideal for off-road and challenging environments.<\/p>                        <\/div>\n\n                    <\/div>\n\n                <\/div><!-- .elementskit-card END -->\n\n                \n                <div class=\"elementskit-card\">\n                    <div class=\"elementskit-card-header\" id=\"primaryHeading-4-ae792a5\">\n                        <a href=\"#collapse-0db853b69e8929deb829\" class=\"ekit-accordion--toggler elementskit-btn-link collapsed\" data-ekit-toggle=\"collapse\" data-target=\"#Collapse-0db853b69e8929deb829\" aria-expanded=\"false\" aria-controls=\"Collapse-0db853b69e8929deb829\">\n                            \n                            <span class=\"ekit-accordion-title\">Q: Can companies or organizations request custom arrangements?<\/span>\n\n                            \n                                <div class=\"ekit_accordion_icon_group\">\n                                    <div class=\"ekit_accordion_normal_icon\">\n                                        <!-- Normal Icon -->\n\t\t\t\t\t\t\t\t\t\t<i class=\"icon icon-down-arrow1\"><\/i>                                    <\/div>\n\n                                    <div class=\"ekit_accordion_active_icon\">\n                                        <!-- Active Icon -->\n\t\t\t\t\t\t\t\t\t\t<i class=\"icon icon-up-arrow\"><\/i>                                    <\/div>\n                                <\/div>\n\n                            \n                                                    <\/a>\n                    <\/div>\n\n                    <div id=\"Collapse-0db853b69e8929deb829\" class=\"collapse\" aria-labelledby=\"primaryHeading-4-ae792a5\" data-parent=\"#accordion-69e8929deb829\">\n\n                        <div class=\"elementskit-card-body ekit-accordion--content\">\n                            <p>A: Absolutely. Please contact us for tailored rental solutions.<\/p>                        <\/div>\n\n                    <\/div>\n\n                <\/div><!-- .elementskit-card END -->\n\n                                        <\/div>\n    <\/div>\t\t\t\t<\/div>\n\t\t\t\t<\/div>\n\t\t\t\t<\/div>\n\t\t\t\t\t<\/div>\n\t\t\t\t<\/div>\n\t\t\t\t<\/div>","protected":false},"excerpt":{"rendered":"<p>FAQs Questions fr\u00e9quemment pos\u00e9es Q : Comment fonctionne le processus de r\u00e9servation ? R : Vous pouvez soumettre une demande de r\u00e9servation en ligne en s\u00e9lectionnant les dates souhait\u00e9es et le mode de paiement. Q : Le paiement en ligne est-il obligatoire ? R : Non. Le paiement peut \u00eatre effectu\u00e9 par virement bancaire ou [&hellip;]<\/p>\n","protected":false},"author":1,"featured_media":0,"parent":0,"menu_order":0,"comment_status":"closed","ping_status":"closed","template":"","meta":{"footnotes":""},"class_list":["post-727","page","type-page","status-publish","hentry"],"_links":{"self":[{"href":"https:\/\/kolwezilandcruisers.com\/en\/wp-json\/wp\/v2\/pages\/727","targetHints":{"allow":["GET"]}}],"collection":[{"href":"https:\/\/kolwezilandcruisers.com\/en\/wp-json\/wp\/v2\/pages"}],"about":[{"href":"https:\/\/kolwezilandcruisers.com\/en\/wp-json\/wp\/v2\/types\/page"}],"author":[{"embeddable":true,"href":"https:\/\/kolwezilandcruisers.com\/en\/wp-json\/wp\/v2\/users\/1"}],"replies":[{"embeddable":true,"href":"https:\/\/kolwezilandcruisers.com\/en\/wp-json\/wp\/v2\/comments?post=727"}],"version-history":[{"count":87,"href":"https:\/\/kolwezilandcruisers.com\/en\/wp-json\/wp\/v2\/pages\/727\/revisions"}],"predecessor-version":[{"id":2331,"href":"https:\/\/kolwezilandcruisers.com\/en\/wp-json\/wp\/v2\/pages\/727\/revisions\/2331"}],"wp:attachment":[{"href":"https:\/\/kolwezilandcruisers.com\/en\/wp-json\/wp\/v2\/media?parent=727"}],"curies":[{"name":"wp","href":"https:\/\/api.w.org\/{rel}","templated":true}]}}